{"id":989625,"date":"2025-06-04T18:04:35","date_gmt":"2025-06-04T21:04:35","guid":{"rendered":"https:\/\/missoesnoroeste.org\/?page_id=989625"},"modified":"2025-06-04T18:04:37","modified_gmt":"2025-06-04T21:04:37","slug":"sofia-miraglio","status":"publish","type":"page","link":"https:\/\/missoesnoroeste.org\/en\/equipe\/sofia-miraglio\/","title":{"rendered":"Sofia Miraglio"},"content":{"rendered":"","protected":false},"excerpt":{"rendered":"<p>Volunt\u00e1ria em Design Gr\u00e1fico<\/p>\n","protected":false},"author":2,"featured_media":989626,"parent":92,"menu_order":0,"comment_status":"closed","ping_status":"closed","template":"","meta":{"footnotes":""},"class_list":["post-989625","page","type-page","status-publish","has-post-thumbnail","hentry"],"yoast_head":"<!-- This site is optimized with the Yoast SEO plugin v27.4 - https:\/\/yoast.com\/product\/yoast-seo-wordpress\/ -->\n<title>Sofia Miraglio - Instituto Miss\u00f5es Noroeste<\/title>\n<meta name=\"robots\" content=\"index, follow, max-snippet:-1, max-image-preview:large, max-video-preview:-1\" \/>\n<link rel=\"canonical\" href=\"https:\/\/missoesnoroeste.org\/en\/equipe\/sofia-miraglio\/\" \/>\n<meta property=\"og:locale\" content=\"en_US\" \/>\n<meta property=\"og:locale:alternate\" content=\"pt_BR\" \/>\n<meta property=\"og:type\" content=\"article\" \/>\n<meta property=\"og:title\" content=\"Sofia Miraglio - Instituto Miss\u00f5es Noroeste\" \/>\n<meta property=\"og:description\" content=\"Volunt\u00e1ria em Design Gr\u00e1fico\" \/>\n<meta property=\"og:url\" content=\"https:\/\/missoesnoroeste.org\/en\/equipe\/sofia-miraglio\/\" \/>\n<meta property=\"og:site_name\" content=\"Instituto Miss\u00f5es Noroeste\" \/>\n<meta property=\"article:modified_time\" content=\"2025-06-04T21:04:37+00:00\" \/>\n<meta property=\"og:image\" content=\"https:\/\/missoesnoroeste.org\/wp-content\/uploads\/2025\/06\/sofia_site.jpg\" \/>\n\t<meta property=\"og:image:width\" content=\"810\" \/>\n\t<meta property=\"og:image:height\" content=\"854\" \/>\n\t<meta property=\"og:image:type\" content=\"image\/jpeg\" \/>\n<meta name=\"twitter:card\" content=\"summary_large_image\" \/>\n<meta name=\"twitter:label1\" content=\"Est. reading time\" \/>\n\t<meta name=\"twitter:data1\" content=\"1 minute\" \/>\n<script type=\"application\/ld+json\" class=\"yoast-schema-graph\">{\"@context\":\"https:\\\/\\\/schema.org\",\"@graph\":[{\"@type\":\"WebPage\",\"@id\":\"https:\\\/\\\/missoesnoroeste.org\\\/equipe\\\/sofia-miraglio\\\/\",\"url\":\"https:\\\/\\\/missoesnoroeste.org\\\/equipe\\\/sofia-miraglio\\\/\",\"name\":\"Sofia Miraglio - Instituto Miss\u00f5es Noroeste\",\"isPartOf\":{\"@id\":\"https:\\\/\\\/missoesnoroeste.org\\\/#website\"},\"primaryImageOfPage\":{\"@id\":\"https:\\\/\\\/missoesnoroeste.org\\\/equipe\\\/sofia-miraglio\\\/#primaryimage\"},\"image\":{\"@id\":\"https:\\\/\\\/missoesnoroeste.org\\\/equipe\\\/sofia-miraglio\\\/#primaryimage\"},\"thumbnailUrl\":\"https:\\\/\\\/missoesnoroeste.org\\\/wp-content\\\/uploads\\\/2025\\\/06\\\/sofia_site.jpg\",\"datePublished\":\"2025-06-04T21:04:35+00:00\",\"dateModified\":\"2025-06-04T21:04:37+00:00\",\"breadcrumb\":{\"@id\":\"https:\\\/\\\/missoesnoroeste.org\\\/equipe\\\/sofia-miraglio\\\/#breadcrumb\"},\"inLanguage\":\"en-US\",\"potentialAction\":[{\"@type\":\"ReadAction\",\"target\":[\"https:\\\/\\\/missoesnoroeste.org\\\/equipe\\\/sofia-miraglio\\\/\"]}]},{\"@type\":\"ImageObject\",\"inLanguage\":\"en-US\",\"@id\":\"https:\\\/\\\/missoesnoroeste.org\\\/equipe\\\/sofia-miraglio\\\/#primaryimage\",\"url\":\"https:\\\/\\\/missoesnoroeste.org\\\/wp-content\\\/uploads\\\/2025\\\/06\\\/sofia_site.jpg\",\"contentUrl\":\"https:\\\/\\\/missoesnoroeste.org\\\/wp-content\\\/uploads\\\/2025\\\/06\\\/sofia_site.jpg\",\"width\":810,\"height\":854},{\"@type\":\"BreadcrumbList\",\"@id\":\"https:\\\/\\\/missoesnoroeste.org\\\/equipe\\\/sofia-miraglio\\\/#breadcrumb\",\"itemListElement\":[{\"@type\":\"ListItem\",\"position\":1,\"name\":\"In\u00edcio\",\"item\":\"https:\\\/\\\/missoesnoroeste.org\\\/\"},{\"@type\":\"ListItem\",\"position\":2,\"name\":\"Equipe\",\"item\":\"https:\\\/\\\/missoesnoroeste.org\\\/equipe\\\/\"},{\"@type\":\"ListItem\",\"position\":3,\"name\":\"Sofia Miraglio\"}]},{\"@type\":\"WebSite\",\"@id\":\"https:\\\/\\\/missoesnoroeste.org\\\/#website\",\"url\":\"https:\\\/\\\/missoesnoroeste.org\\\/\",\"name\":\"Instituto Miss\u00f5es Noroeste\",\"description\":\"\",\"publisher\":{\"@id\":\"https:\\\/\\\/missoesnoroeste.org\\\/#organization\"},\"potentialAction\":[{\"@type\":\"SearchAction\",\"target\":{\"@type\":\"EntryPoint\",\"urlTemplate\":\"https:\\\/\\\/missoesnoroeste.org\\\/?s={search_term_string}\"},\"query-input\":{\"@type\":\"PropertyValueSpecification\",\"valueRequired\":true,\"valueName\":\"search_term_string\"}}],\"inLanguage\":\"en-US\"},{\"@type\":\"Organization\",\"@id\":\"https:\\\/\\\/missoesnoroeste.org\\\/#organization\",\"name\":\"Instituto Miss\u00f5es Noroeste\",\"url\":\"https:\\\/\\\/missoesnoroeste.org\\\/\",\"logo\":{\"@type\":\"ImageObject\",\"inLanguage\":\"en-US\",\"@id\":\"https:\\\/\\\/missoesnoroeste.org\\\/#\\\/schema\\\/logo\\\/image\\\/\",\"url\":\"https:\\\/\\\/missoesnoroeste.org\\\/wp-content\\\/uploads\\\/2023\\\/04\\\/Missoes-Noroeste-1.png\",\"contentUrl\":\"https:\\\/\\\/missoesnoroeste.org\\\/wp-content\\\/uploads\\\/2023\\\/04\\\/Missoes-Noroeste-1.png\",\"width\":509,\"height\":251,\"caption\":\"Instituto Miss\u00f5es Noroeste\"},\"image\":{\"@id\":\"https:\\\/\\\/missoesnoroeste.org\\\/#\\\/schema\\\/logo\\\/image\\\/\"}}]}<\/script>\n<!-- \/ Yoast SEO plugin. -->","yoast_head_json":{"title":"Sofia Miraglio - Instituto Miss\u00f5es Noroeste","robots":{"index":"index","follow":"follow","max-snippet":"max-snippet:-1","max-image-preview":"max-image-preview:large","max-video-preview":"max-video-preview:-1"},"canonical":"https:\/\/missoesnoroeste.org\/en\/equipe\/sofia-miraglio\/","og_locale":"en_US","og_type":"article","og_title":"Sofia Miraglio - Instituto Miss\u00f5es Noroeste","og_description":"Volunt\u00e1ria em Design Gr\u00e1fico","og_url":"https:\/\/missoesnoroeste.org\/en\/equipe\/sofia-miraglio\/","og_site_name":"Instituto Miss\u00f5es Noroeste","article_modified_time":"2025-06-04T21:04:37+00:00","og_image":[{"width":810,"height":854,"url":"https:\/\/missoesnoroeste.org\/wp-content\/uploads\/2025\/06\/sofia_site.jpg","type":"image\/jpeg"}],"twitter_card":"summary_large_image","twitter_misc":{"Est. reading time":"1 minute"},"schema":{"@context":"https:\/\/schema.org","@graph":[{"@type":"WebPage","@id":"https:\/\/missoesnoroeste.org\/equipe\/sofia-miraglio\/","url":"https:\/\/missoesnoroeste.org\/equipe\/sofia-miraglio\/","name":"Sofia Miraglio - Instituto Miss\u00f5es Noroeste","isPartOf":{"@id":"https:\/\/missoesnoroeste.org\/#website"},"primaryImageOfPage":{"@id":"https:\/\/missoesnoroeste.org\/equipe\/sofia-miraglio\/#primaryimage"},"image":{"@id":"https:\/\/missoesnoroeste.org\/equipe\/sofia-miraglio\/#primaryimage"},"thumbnailUrl":"https:\/\/missoesnoroeste.org\/wp-content\/uploads\/2025\/06\/sofia_site.jpg","datePublished":"2025-06-04T21:04:35+00:00","dateModified":"2025-06-04T21:04:37+00:00","breadcrumb":{"@id":"https:\/\/missoesnoroeste.org\/equipe\/sofia-miraglio\/#breadcrumb"},"inLanguage":"en-US","potentialAction":[{"@type":"ReadAction","target":["https:\/\/missoesnoroeste.org\/equipe\/sofia-miraglio\/"]}]},{"@type":"ImageObject","inLanguage":"en-US","@id":"https:\/\/missoesnoroeste.org\/equipe\/sofia-miraglio\/#primaryimage","url":"https:\/\/missoesnoroeste.org\/wp-content\/uploads\/2025\/06\/sofia_site.jpg","contentUrl":"https:\/\/missoesnoroeste.org\/wp-content\/uploads\/2025\/06\/sofia_site.jpg","width":810,"height":854},{"@type":"BreadcrumbList","@id":"https:\/\/missoesnoroeste.org\/equipe\/sofia-miraglio\/#breadcrumb","itemListElement":[{"@type":"ListItem","position":1,"name":"In\u00edcio","item":"https:\/\/missoesnoroeste.org\/"},{"@type":"ListItem","position":2,"name":"Equipe","item":"https:\/\/missoesnoroeste.org\/equipe\/"},{"@type":"ListItem","position":3,"name":"Sofia Miraglio"}]},{"@type":"WebSite","@id":"https:\/\/missoesnoroeste.org\/#website","url":"https:\/\/missoesnoroeste.org\/","name":"Instituto Miss\u00f5es Noroeste","description":"","publisher":{"@id":"https:\/\/missoesnoroeste.org\/#organization"},"potentialAction":[{"@type":"SearchAction","target":{"@type":"EntryPoint","urlTemplate":"https:\/\/missoesnoroeste.org\/?s={search_term_string}"},"query-input":{"@type":"PropertyValueSpecification","valueRequired":true,"valueName":"search_term_string"}}],"inLanguage":"en-US"},{"@type":"Organization","@id":"https:\/\/missoesnoroeste.org\/#organization","name":"Instituto Miss\u00f5es Noroeste","url":"https:\/\/missoesnoroeste.org\/","logo":{"@type":"ImageObject","inLanguage":"en-US","@id":"https:\/\/missoesnoroeste.org\/#\/schema\/logo\/image\/","url":"https:\/\/missoesnoroeste.org\/wp-content\/uploads\/2023\/04\/Missoes-Noroeste-1.png","contentUrl":"https:\/\/missoesnoroeste.org\/wp-content\/uploads\/2023\/04\/Missoes-Noroeste-1.png","width":509,"height":251,"caption":"Instituto Miss\u00f5es Noroeste"},"image":{"@id":"https:\/\/missoesnoroeste.org\/#\/schema\/logo\/image\/"}}]}},"_links":{"self":[{"href":"https:\/\/missoesnoroeste.org\/en\/wp-json\/wp\/v2\/pages\/989625","targetHints":{"allow":["GET"]}}],"collection":[{"href":"https:\/\/missoesnoroeste.org\/en\/wp-json\/wp\/v2\/pages"}],"about":[{"href":"https:\/\/missoesnoroeste.org\/en\/wp-json\/wp\/v2\/types\/page"}],"author":[{"embeddable":true,"href":"https:\/\/missoesnoroeste.org\/en\/wp-json\/wp\/v2\/users\/2"}],"replies":[{"embeddable":true,"href":"https:\/\/missoesnoroeste.org\/en\/wp-json\/wp\/v2\/comments?post=989625"}],"version-history":[{"count":1,"href":"https:\/\/missoesnoroeste.org\/en\/wp-json\/wp\/v2\/pages\/989625\/revisions"}],"predecessor-version":[{"id":989627,"href":"https:\/\/missoesnoroeste.org\/en\/wp-json\/wp\/v2\/pages\/989625\/revisions\/989627"}],"up":[{"embeddable":true,"href":"https:\/\/missoesnoroeste.org\/en\/wp-json\/wp\/v2\/pages\/92"}],"wp:featuredmedia":[{"embeddable":true,"href":"https:\/\/missoesnoroeste.org\/en\/wp-json\/wp\/v2\/media\/989626"}],"wp:attachment":[{"href":"https:\/\/missoesnoroeste.org\/en\/wp-json\/wp\/v2\/media?parent=989625"}],"curies":[{"name":"wp","href":"https:\/\/api.w.org\/{rel}","templated":true}]}}